{"id":74,"date":"2021-06-04T14:23:59","date_gmt":"2021-06-04T18:23:59","guid":{"rendered":"https:\/\/diariolajornada.com\/?page_id=74"},"modified":"2023-09-19T09:39:48","modified_gmt":"2023-09-19T13:39:48","slug":"deportes","status":"publish","type":"page","link":"https:\/\/diariolajornada.com\/?page_id=74","title":{"rendered":"Deportes"},"content":{"rendered":"\t\t<div data-elementor-type=\"wp-page\" data-elementor-id=\"74\" class=\"elementor elementor-74\" data-elementor-post-type=\"page\">\n\t\t\t\t\t\t<section class=\"elementor-section elementor-top-section elementor-element elementor-element-c864bb8 elementor-section-boxed elementor-section-height-default elementor-section-height-default\" data-id=\"c864bb8\" data-element_type=\"section\">\n\t\t\t\t\t\t<div class=\"elementor-container elementor-column-gap-default\">\n\t\t\t\t\t<div class=\"elementor-column elementor-col-100 elementor-top-column elementor-element elementor-element-defa504\" data-id=\"defa504\" data-element_type=\"column\" data-settings=\"{&quot;background_background&quot;:&quot;classic&quot;}\">\n\t\t\t<div class=\"elementor-widget-wrap elementor-element-populated\">\n\t\t\t\t\t\t<div class=\"elementor-element elementor-element-82b41d2 elementor-widget elementor-widget-prime-slider-flogia\" data-id=\"82b41d2\" data-element_type=\"widget\" data-widget_type=\"prime-slider-flogia.default\">\n\t\t\t\t<div class=\"elementor-widget-container\">\n\t\t\t        <div class=\"bdt-prime-slider\">\n            <div class=\"bdt-prime-slider-flogia\">\n\n                <div class=\"bdt-position-relative bdt-visible-toggle\" data-settings=\"{&quot;id&quot;:&quot;#bdt-82b41d2&quot;,&quot;animation_status&quot;:&quot;no&quot;}\" id=\"bdt-82b41d2\" bdt-slideshow=\"{&quot;animation&quot;:&quot;fade&quot;,&quot;ratio&quot;:&quot;600:300&quot;,&quot;min-height&quot;:50,&quot;autoplay&quot;:true,&quot;autoplay-interval&quot;:7000,&quot;pause-on-hover&quot;:false,&quot;velocity&quot;:1,&quot;finite&quot;:false}\">\n\n                    <ul class=\"bdt-slideshow-items\">\n                    \n                <li class=\"bdt-slideshow-item bdt-flex bdt-flex-middle elementor-repeater-item-216957\">\n\n                    \n                        \n            <div class=\"bdt-ps-slide-img\" style=\"background-image: url('https:\/\/diariolajornada.com\/wp-content\/uploads\/2026\/03\/image-fotor-202603239324.jpg')\"><\/div>\n\n        \n                        \n                    \t                        <div class=\"bdt-overlay-default bdt-position-cover\"><\/div>\n\t                    \n                    \n            <div class=\"bdt-container\">\n                <div class=\"bdt-prime-slider-content\">\n\n                    \n                                            <div class=\"bdt-main-title\">\n                            <h1 class=\"bdt-title-tag\" data-bdt-slideshow-parallax=\"y: 80,0,-80; opacity: 1,1,0\" data-reveal=\"reveal-active\">\n\n                                <a href=\"https:\/\/diariolajornada.com\/?p=216957\">\n                                    <span class=\"frist-word\">Vin\u00edcius<\/span> J\u00fanior rompe sequ\u00eda contra el Atl\u00e9tico y rescata al Madrid en el derbi                                <\/a>\n\n                            <\/h1>\n\n                            \n                        <\/div>\n                    \n                    \n                <\/div>\n            <\/div>\n\n            \n                    \n                <\/li>\n\n\n    \n                <li class=\"bdt-slideshow-item bdt-flex bdt-flex-middle elementor-repeater-item-216953\">\n\n                    \n                        \n            <div class=\"bdt-ps-slide-img\" style=\"background-image: url('https:\/\/diariolajornada.com\/wp-content\/uploads\/2026\/03\/futbolistas-iranies-responden-a-trump-nadie-nos-puede-excluir-del-mundial-57607jpg-195255.jpg')\"><\/div>\n\n        \n                        \n                    \t                        <div class=\"bdt-overlay-default bdt-position-cover\"><\/div>\n\t                    \n                    \n            <div class=\"bdt-container\">\n                <div class=\"bdt-prime-slider-content\">\n\n                    \n                                            <div class=\"bdt-main-title\">\n                            <h1 class=\"bdt-title-tag\" data-bdt-slideshow-parallax=\"y: 80,0,-80; opacity: 1,1,0\" data-reveal=\"reveal-active\">\n\n                                <a href=\"https:\/\/diariolajornada.com\/?p=216953\">\n                                    <span class=\"frist-word\">Futbolistas<\/span> iran\u00edes responden a Trump: \u00abNadie nos puede excluir del Mundial\u00bb                                <\/a>\n\n                            <\/h1>\n\n                            \n                        <\/div>\n                    \n                    \n                <\/div>\n            <\/div>\n\n            \n                    \n                <\/li>\n\n\n    \n                <li class=\"bdt-slideshow-item bdt-flex bdt-flex-middle elementor-repeater-item-216922\">\n\n                    \n                        \n            <div class=\"bdt-ps-slide-img\" style=\"background-image: url('https:\/\/diariolajornada.com\/wp-content\/uploads\/2026\/03\/venezuela-debuta-este-viernes-en-el-clasico-mundial-del-beisbol-57220jpg-194660.jpg')\"><\/div>\n\n        \n                        \n                    \t                        <div class=\"bdt-overlay-default bdt-position-cover\"><\/div>\n\t                    \n                    \n            <div class=\"bdt-container\">\n                <div class=\"bdt-prime-slider-content\">\n\n                    \n                                            <div class=\"bdt-main-title\">\n                            <h1 class=\"bdt-title-tag\" data-bdt-slideshow-parallax=\"y: 80,0,-80; opacity: 1,1,0\" data-reveal=\"reveal-active\">\n\n                                <a href=\"https:\/\/diariolajornada.com\/?p=216922\">\n                                    <span class=\"frist-word\">Venezuela<\/span> debuta este viernes en el Cl\u00e1sico Mundial del B\u00e9isbol                                <\/a>\n\n                            <\/h1>\n\n                            \n                        <\/div>\n                    \n                    \n                <\/div>\n            <\/div>\n\n            \n                    \n                <\/li>\n\n\n    \n                <li class=\"bdt-slideshow-item bdt-flex bdt-flex-middle elementor-repeater-item-216769\">\n\n                    \n                        \n            <div class=\"bdt-ps-slide-img\" style=\"background-image: url('https:\/\/diariolajornada.com\/wp-content\/uploads\/2026\/01\/acuna-y-chourio-lideran-a-venezuela-en-el-clasico-mundial-de-beisbol-192055.jpg')\"><\/div>\n\n        \n                        \n                    \t                        <div class=\"bdt-overlay-default bdt-position-cover\"><\/div>\n\t                    \n                    \n            <div class=\"bdt-container\">\n                <div class=\"bdt-prime-slider-content\">\n\n                    \n                                            <div class=\"bdt-main-title\">\n                            <h1 class=\"bdt-title-tag\" data-bdt-slideshow-parallax=\"y: 80,0,-80; opacity: 1,1,0\" data-reveal=\"reveal-active\">\n\n                                <a href=\"https:\/\/diariolajornada.com\/?p=216769\">\n                                    <span class=\"frist-word\">Venezuela<\/span> define su r\u00f3ster estelar para el Cl\u00e1sico Mundial de B\u00e9isbol 2026 en Miami                                <\/a>\n\n                            <\/h1>\n\n                            \n                        <\/div>\n                    \n                    \n                <\/div>\n            <\/div>\n\n            \n                    \n                <\/li>\n\n\n    \n                <li class=\"bdt-slideshow-item bdt-flex bdt-flex-middle elementor-repeater-item-216735\">\n\n                    \n                        \n            <div class=\"bdt-ps-slide-img\" style=\"background-image: url('https:\/\/diariolajornada.com\/wp-content\/uploads\/2025\/12\/1762728906125edit77715718512098jpg-187199.jpg')\"><\/div>\n\n        \n                        \n                    \t                        <div class=\"bdt-overlay-default bdt-position-cover\"><\/div>\n\t                    \n                    \n            <div class=\"bdt-container\">\n                <div class=\"bdt-prime-slider-content\">\n\n                    \n                                            <div class=\"bdt-main-title\">\n                            <h1 class=\"bdt-title-tag\" data-bdt-slideshow-parallax=\"y: 80,0,-80; opacity: 1,1,0\" data-reveal=\"reveal-active\">\n\n                                <a href=\"https:\/\/diariolajornada.com\/?p=216735\">\n                                    <span class=\"frist-word\">Navegantes<\/span> del Magallanes alcanza su puesto en el Round Robin                                <\/a>\n\n                            <\/h1>\n\n                            \n                        <\/div>\n                    \n                    \n                <\/div>\n            <\/div>\n\n            \n                    \n                <\/li>\n\n\n    \n                    <\/ul>\n\n                    \n                                                    <div class=\"bdt-navigation-arrows bdt-position-center-right bdt-position-large bdt-position-z-index  reveal-muted\">\n                                <a class=\"bdt-prime-slider-previous\" href=\"#\" bdt-slidenav-previous bdt-slideshow-item=\"previous\"><\/a>\n\n                                <ul class=\"bdt-slideshow-nav bdt-ps-dotnav bdt-dotnav bdt-dotnav-vertical\"><\/ul>\n\n                                <a class=\"bdt-prime-slider-next\" href=\"#\" bdt-slidenav-next bdt-slideshow-item=\"next\"><\/a>\n                            <\/div>\n                        \n                    \n                    \n                        \n                    \n                <\/div>\n\n            <\/div>\n            <\/div>\n        \t\t<\/div>\n\t\t\t\t<\/div>\n\t\t\t\t\t<\/div>\n\t\t<\/div>\n\t\t\t\t\t<\/div>\n\t\t<\/section>\n\t\t\t\t<section class=\"elementor-section elementor-top-section elementor-element elementor-element-c016d6d elementor-section-boxed elementor-section-height-default elementor-section-height-default\" data-id=\"c016d6d\" data-element_type=\"section\">\n\t\t\t\t\t\t<div class=\"elementor-container elementor-column-gap-default\">\n\t\t\t\t\t<div class=\"elementor-column elementor-col-66 elementor-top-column elementor-element elementor-element-88531ac\" data-id=\"88531ac\" data-element_type=\"column\">\n\t\t\t<div class=\"elementor-widget-wrap elementor-element-populated\">\n\t\t\t\t\t\t<div class=\"elementor-element elementor-element-0e3ee88 elementor-grid-1 elementor-posts--thumbnail-left elementor-grid-tablet-1 elementor-grid-mobile-1 elementor-widget elementor-widget-posts\" data-id=\"0e3ee88\" data-element_type=\"widget\" data-settings=\"{&quot;classic_columns&quot;:&quot;1&quot;,&quot;classic_columns_tablet&quot;:&quot;1&quot;,&quot;classic_row_gap&quot;:{&quot;unit&quot;:&quot;px&quot;,&quot;size&quot;:13,&quot;sizes&quot;:[]},&quot;classic_columns_mobile&quot;:&quot;1&quot;,&quot;classic_row_gap_tablet&quot;:{&quot;unit&quot;:&quot;px&quot;,&quot;size&quot;:&quot;&quot;,&quot;sizes&quot;:[]},&quot;classic_row_gap_mobile&quot;:{&quot;unit&quot;:&quot;px&quot;,&quot;size&quot;:&quot;&quot;,&quot;sizes&quot;:[]}}\" data-widget_type=\"posts.classic\">\n\t\t\t\t<div class=\"elementor-widget-container\">\n\t\t\t\t\t<div class=\"elementor-posts-container elementor-posts elementor-posts--skin-classic elementor-grid\">\n\t\t\t\t<article class=\"elementor-post elementor-grid-item post-216957 post type-post status-publish format-standard has-post-thumbnail hentry category-deportes category-destacada\">\n\t\t\t\t<a class=\"elementor-post__thumbnail__link\" href=\"https:\/\/diariolajornada.com\/?p=216957\" tabindex=\"-1\" >\n\t\t\t<div class=\"elementor-post__thumbnail\"><img fetchpriority=\"high\" decoding=\"async\" width=\"300\" height=\"169\" src=\"https:\/\/diariolajornada.com\/wp-content\/uploads\/2026\/03\/image-fotor-202603239324.jpg\" class=\"attachment-medium size-medium wp-image-216960\" alt=\"\" \/><\/div>\n\t\t<\/a>\n\t\t\t\t<div class=\"elementor-post__text\">\n\t\t\t\t<h3 class=\"elementor-post__title\">\n\t\t\t<a href=\"https:\/\/diariolajornada.com\/?p=216957\" >\n\t\t\t\tVin\u00edcius J\u00fanior rompe sequ\u00eda contra el Atl\u00e9tico y rescata al Madrid en el derbi\t\t\t<\/a>\n\t\t<\/h3>\n\t\t\t\t<div class=\"elementor-post__meta-data\">\n\t\t\t\t\t<span class=\"elementor-post-date\">\n\t\t\t24\/03\/2026\t\t<\/span>\n\t\t\t\t<\/div>\n\t\t\t\t<div class=\"elementor-post__excerpt\">\n\t\t\t<p>Los v\u00edtores volvieron para Vin\u00edcius J\u00fanior en el Santiago Bernab\u00e9u despu\u00e9s de que el delantero del Real Madrid anotara dos veces en una victoria 3-2<\/p>\n\t\t<\/div>\n\t\t\n\t\t<a class=\"elementor-post__read-more\" href=\"https:\/\/diariolajornada.com\/?p=216957\" aria-label=\"Read more about Vin\u00edcius J\u00fanior rompe sequ\u00eda contra el Atl\u00e9tico y rescata al Madrid en el derbi\" tabindex=\"-1\" >\n\t\t\tLeer M\u00e1s\t\t<\/a>\n\n\t\t\t\t<\/div>\n\t\t\t\t<\/article>\n\t\t\t\t<article class=\"elementor-post elementor-grid-item post-216953 post type-post status-publish format-standard has-post-thumbnail hentry category-deportes category-destacada\">\n\t\t\t\t<a class=\"elementor-post__thumbnail__link\" href=\"https:\/\/diariolajornada.com\/?p=216953\" tabindex=\"-1\" >\n\t\t\t<div class=\"elementor-post__thumbnail\"><img decoding=\"async\" width=\"300\" height=\"169\" src=\"https:\/\/diariolajornada.com\/wp-content\/uploads\/2026\/03\/futbolistas-iranies-responden-a-trump-nadie-nos-puede-excluir-del-mundial-57607jpg-195255.jpg\" class=\"attachment-medium size-medium wp-image-216945\" alt=\"\" \/><\/div>\n\t\t<\/a>\n\t\t\t\t<div class=\"elementor-post__text\">\n\t\t\t\t<h3 class=\"elementor-post__title\">\n\t\t\t<a href=\"https:\/\/diariolajornada.com\/?p=216953\" >\n\t\t\t\tFutbolistas iran\u00edes responden a Trump: \u00abNadie nos puede excluir del Mundial\u00bb\t\t\t<\/a>\n\t\t<\/h3>\n\t\t\t\t<div class=\"elementor-post__meta-data\">\n\t\t\t\t\t<span class=\"elementor-post-date\">\n\t\t\t13\/03\/2026\t\t<\/span>\n\t\t\t\t<\/div>\n\t\t\t\t<div class=\"elementor-post__excerpt\">\n\t\t\t<p>\u00abNadie puede excluir a la selecci\u00f3n nacional de Ir\u00e1n de la Copa del Mundo\u00bb, afirm\u00f3 el Team Melli en su cuenta de Instagram en respuesta<\/p>\n\t\t<\/div>\n\t\t\n\t\t<a class=\"elementor-post__read-more\" href=\"https:\/\/diariolajornada.com\/?p=216953\" aria-label=\"Read more about Futbolistas iran\u00edes responden a Trump: \u00abNadie nos puede excluir del Mundial\u00bb\" tabindex=\"-1\" >\n\t\t\tLeer M\u00e1s\t\t<\/a>\n\n\t\t\t\t<\/div>\n\t\t\t\t<\/article>\n\t\t\t\t<article class=\"elementor-post elementor-grid-item post-216922 post type-post status-publish format-standard has-post-thumbnail hentry category-deportes category-destacada\">\n\t\t\t\t<a class=\"elementor-post__thumbnail__link\" href=\"https:\/\/diariolajornada.com\/?p=216922\" tabindex=\"-1\" >\n\t\t\t<div class=\"elementor-post__thumbnail\"><img decoding=\"async\" width=\"300\" height=\"169\" src=\"https:\/\/diariolajornada.com\/wp-content\/uploads\/2026\/03\/venezuela-debuta-este-viernes-en-el-clasico-mundial-del-beisbol-57220jpg-194660.jpg\" class=\"attachment-medium size-medium wp-image-216916\" alt=\"\" \/><\/div>\n\t\t<\/a>\n\t\t\t\t<div class=\"elementor-post__text\">\n\t\t\t\t<h3 class=\"elementor-post__title\">\n\t\t\t<a href=\"https:\/\/diariolajornada.com\/?p=216922\" >\n\t\t\t\tVenezuela debuta este viernes en el Cl\u00e1sico Mundial del B\u00e9isbol\t\t\t<\/a>\n\t\t<\/h3>\n\t\t\t\t<div class=\"elementor-post__meta-data\">\n\t\t\t\t\t<span class=\"elementor-post-date\">\n\t\t\t06\/03\/2026\t\t<\/span>\n\t\t\t\t<\/div>\n\t\t\t\t<div class=\"elementor-post__excerpt\">\n\t\t\t<p>El cuerpo t\u00e9cnico ha designado al lanzador zurdo Ranger Su\u00e1rez como el abridor para este primer compromiso. La n\u00f3mina venezolana cuenta con la presencia de<\/p>\n\t\t<\/div>\n\t\t\n\t\t<a class=\"elementor-post__read-more\" href=\"https:\/\/diariolajornada.com\/?p=216922\" aria-label=\"Read more about Venezuela debuta este viernes en el Cl\u00e1sico Mundial del B\u00e9isbol\" tabindex=\"-1\" >\n\t\t\tLeer M\u00e1s\t\t<\/a>\n\n\t\t\t\t<\/div>\n\t\t\t\t<\/article>\n\t\t\t\t<\/div>\n\t\t\n\t\t\t\t<\/div>\n\t\t\t\t<\/div>\n\t\t\t\t\t<\/div>\n\t\t<\/div>\n\t\t\t\t<div class=\"elementor-column elementor-col-33 elementor-top-column elementor-element elementor-element-b896c87\" data-id=\"b896c87\" data-element_type=\"column\">\n\t\t\t<div class=\"elementor-widget-wrap\">\n\t\t\t\t\t\t\t<\/div>\n\t\t<\/div>\n\t\t\t\t\t<\/div>\n\t\t<\/section>\n\t\t\t\t<\/div>\n\t\t","protected":false},"excerpt":{"rendered":"<p>Elvismar Rodr\u00edguez se colg\u00f3 el oro en Canad\u00e1 Real Madrid remonta ante la Real Sociedad y sigue l\u00edder liguero Venezolanas vencen a Cuba en el Mundial Femenino Venezuela se prepara para los Juegos Panamericanos de Santiago de Chile 2023 FIFA anunci\u00f3 candidatos para los premios The Best<\/p>\n","protected":false},"author":1,"featured_media":0,"parent":0,"menu_order":0,"comment_status":"closed","ping_status":"closed","template":"","meta":{"footnotes":""},"class_list":["post-74","page","type-page","status-publish","hentry"],"yoast_head":"<!-- This site is optimized with the Yoast SEO plugin v24.4 - https:\/\/yoast.com\/wordpress\/plugins\/seo\/ -->\n<title>Deportes - Diario La Jornada<\/title>\n<meta name=\"robots\" content=\"index, follow, max-snippet:-1, max-image-preview:large, max-video-preview:-1\" \/>\n<link rel=\"canonical\" href=\"https:\/\/diariolajornada.com\/?page_id=74\" \/>\n<meta property=\"og:locale\" content=\"es_ES\" \/>\n<meta property=\"og:type\" content=\"article\" \/>\n<meta property=\"og:title\" content=\"Deportes - Diario La Jornada\" \/>\n<meta property=\"og:description\" content=\"Elvismar Rodr\u00edguez se colg\u00f3 el oro en Canad\u00e1 Real Madrid remonta ante la Real Sociedad y sigue l\u00edder liguero Venezolanas vencen a Cuba en el Mundial Femenino Venezuela se prepara para los Juegos Panamericanos de Santiago de Chile 2023 FIFA anunci\u00f3 candidatos para los premios The Best\" \/>\n<meta property=\"og:url\" content=\"https:\/\/diariolajornada.com\/?page_id=74\" \/>\n<meta property=\"og:site_name\" content=\"Diario La Jornada\" \/>\n<meta property=\"article:publisher\" content=\"https:\/\/es-la.facebook.com\/lajornadadeguarico\/\" \/>\n<meta property=\"article:modified_time\" content=\"2023-09-19T13:39:48+00:00\" \/>\n<meta name=\"twitter:card\" content=\"summary_large_image\" \/>\n<script type=\"application\/ld+json\" class=\"yoast-schema-graph\">{\"@context\":\"https:\/\/schema.org\",\"@graph\":[{\"@type\":\"WebPage\",\"@id\":\"https:\/\/diariolajornada.com\/?page_id=74\",\"url\":\"https:\/\/diariolajornada.com\/?page_id=74\",\"name\":\"Deportes - Diario La Jornada\",\"isPartOf\":{\"@id\":\"https:\/\/diariolajornada.com\/#website\"},\"datePublished\":\"2021-06-04T18:23:59+00:00\",\"dateModified\":\"2023-09-19T13:39:48+00:00\",\"breadcrumb\":{\"@id\":\"https:\/\/diariolajornada.com\/?page_id=74#breadcrumb\"},\"inLanguage\":\"es\",\"potentialAction\":[{\"@type\":\"ReadAction\",\"target\":[\"https:\/\/diariolajornada.com\/?page_id=74\"]}]},{\"@type\":\"BreadcrumbList\",\"@id\":\"https:\/\/diariolajornada.com\/?page_id=74#breadcrumb\",\"itemListElement\":[{\"@type\":\"ListItem\",\"position\":1,\"name\":\"Portada\",\"item\":\"https:\/\/diariolajornada.com\/\"},{\"@type\":\"ListItem\",\"position\":2,\"name\":\"Deportes\"}]},{\"@type\":\"WebSite\",\"@id\":\"https:\/\/diariolajornada.com\/#website\",\"url\":\"https:\/\/diariolajornada.com\/\",\"name\":\"Diario La Jornada\",\"description\":\"Noticias Nacionales Regionales e Internacionales\",\"publisher\":{\"@id\":\"https:\/\/diariolajornada.com\/#organization\"},\"potentialAction\":[{\"@type\":\"SearchAction\",\"target\":{\"@type\":\"EntryPoint\",\"urlTemplate\":\"https:\/\/diariolajornada.com\/?s={search_term_string}\"},\"query-input\":{\"@type\":\"PropertyValueSpecification\",\"valueRequired\":true,\"valueName\":\"search_term_string\"}}],\"inLanguage\":\"es\"},{\"@type\":\"Organization\",\"@id\":\"https:\/\/diariolajornada.com\/#organization\",\"name\":\"Diario La Jornada\",\"url\":\"https:\/\/diariolajornada.com\/\",\"logo\":{\"@type\":\"ImageObject\",\"inLanguage\":\"es\",\"@id\":\"https:\/\/diariolajornada.com\/#\/schema\/logo\/image\/\",\"url\":\"https:\/\/diariolajornada.com\/wp-content\/uploads\/2021\/06\/LOGO-JORNADA-SVG-01-02.svg\",\"contentUrl\":\"https:\/\/diariolajornada.com\/wp-content\/uploads\/2021\/06\/LOGO-JORNADA-SVG-01-02.svg\",\"width\":350,\"height\":100,\"caption\":\"Diario La Jornada\"},\"image\":{\"@id\":\"https:\/\/diariolajornada.com\/#\/schema\/logo\/image\/\"},\"sameAs\":[\"https:\/\/es-la.facebook.com\/lajornadadeguarico\/\",\"https:\/\/www.instagram.com\/diariojornada\/?hl=es\"]}]}<\/script>\n<!-- \/ Yoast SEO plugin. -->","yoast_head_json":{"title":"Deportes - Diario La Jornada","robots":{"index":"index","follow":"follow","max-snippet":"max-snippet:-1","max-image-preview":"max-image-preview:large","max-video-preview":"max-video-preview:-1"},"canonical":"https:\/\/diariolajornada.com\/?page_id=74","og_locale":"es_ES","og_type":"article","og_title":"Deportes - Diario La Jornada","og_description":"Elvismar Rodr\u00edguez se colg\u00f3 el oro en Canad\u00e1 Real Madrid remonta ante la Real Sociedad y sigue l\u00edder liguero Venezolanas vencen a Cuba en el Mundial Femenino Venezuela se prepara para los Juegos Panamericanos de Santiago de Chile 2023 FIFA anunci\u00f3 candidatos para los premios The Best","og_url":"https:\/\/diariolajornada.com\/?page_id=74","og_site_name":"Diario La Jornada","article_publisher":"https:\/\/es-la.facebook.com\/lajornadadeguarico\/","article_modified_time":"2023-09-19T13:39:48+00:00","twitter_card":"summary_large_image","schema":{"@context":"https:\/\/schema.org","@graph":[{"@type":"WebPage","@id":"https:\/\/diariolajornada.com\/?page_id=74","url":"https:\/\/diariolajornada.com\/?page_id=74","name":"Deportes - Diario La Jornada","isPartOf":{"@id":"https:\/\/diariolajornada.com\/#website"},"datePublished":"2021-06-04T18:23:59+00:00","dateModified":"2023-09-19T13:39:48+00:00","breadcrumb":{"@id":"https:\/\/diariolajornada.com\/?page_id=74#breadcrumb"},"inLanguage":"es","potentialAction":[{"@type":"ReadAction","target":["https:\/\/diariolajornada.com\/?page_id=74"]}]},{"@type":"BreadcrumbList","@id":"https:\/\/diariolajornada.com\/?page_id=74#breadcrumb","itemListElement":[{"@type":"ListItem","position":1,"name":"Portada","item":"https:\/\/diariolajornada.com\/"},{"@type":"ListItem","position":2,"name":"Deportes"}]},{"@type":"WebSite","@id":"https:\/\/diariolajornada.com\/#website","url":"https:\/\/diariolajornada.com\/","name":"Diario La Jornada","description":"Noticias Nacionales Regionales e Internacionales","publisher":{"@id":"https:\/\/diariolajornada.com\/#organization"},"potentialAction":[{"@type":"SearchAction","target":{"@type":"EntryPoint","urlTemplate":"https:\/\/diariolajornada.com\/?s={search_term_string}"},"query-input":{"@type":"PropertyValueSpecification","valueRequired":true,"valueName":"search_term_string"}}],"inLanguage":"es"},{"@type":"Organization","@id":"https:\/\/diariolajornada.com\/#organization","name":"Diario La Jornada","url":"https:\/\/diariolajornada.com\/","logo":{"@type":"ImageObject","inLanguage":"es","@id":"https:\/\/diariolajornada.com\/#\/schema\/logo\/image\/","url":"https:\/\/diariolajornada.com\/wp-content\/uploads\/2021\/06\/LOGO-JORNADA-SVG-01-02.svg","contentUrl":"https:\/\/diariolajornada.com\/wp-content\/uploads\/2021\/06\/LOGO-JORNADA-SVG-01-02.svg","width":350,"height":100,"caption":"Diario La Jornada"},"image":{"@id":"https:\/\/diariolajornada.com\/#\/schema\/logo\/image\/"},"sameAs":["https:\/\/es-la.facebook.com\/lajornadadeguarico\/","https:\/\/www.instagram.com\/diariojornada\/?hl=es"]}]}},"_links":{"self":[{"href":"https:\/\/diariolajornada.com\/index.php?rest_route=\/wp\/v2\/pages\/74","targetHints":{"allow":["GET"]}}],"collection":[{"href":"https:\/\/diariolajornada.com\/index.php?rest_route=\/wp\/v2\/pages"}],"about":[{"href":"https:\/\/diariolajornada.com\/index.php?rest_route=\/wp\/v2\/types\/page"}],"author":[{"embeddable":true,"href":"https:\/\/diariolajornada.com\/index.php?rest_route=\/wp\/v2\/users\/1"}],"replies":[{"embeddable":true,"href":"https:\/\/diariolajornada.com\/index.php?rest_route=%2Fwp%2Fv2%2Fcomments&post=74"}],"version-history":[{"count":16,"href":"https:\/\/diariolajornada.com\/index.php?rest_route=\/wp\/v2\/pages\/74\/revisions"}],"predecessor-version":[{"id":51767,"href":"https:\/\/diariolajornada.com\/index.php?rest_route=\/wp\/v2\/pages\/74\/revisions\/51767"}],"wp:attachment":[{"href":"https:\/\/diariolajornada.com\/index.php?rest_route=%2Fwp%2Fv2%2Fmedia&parent=74"}],"curies":[{"name":"wp","href":"https:\/\/api.w.org\/{rel}","templated":true}]}}